{"id":945,"date":"2021-03-29T19:30:28","date_gmt":"2021-03-29T19:30:28","guid":{"rendered":"https:\/\/rc.e-roman.com.ar\/?page_id=945"},"modified":"2021-06-13T23:03:21","modified_gmt":"2021-06-13T23:03:21","slug":"software","status":"publish","type":"page","link":"https:\/\/e-roman.com.ar\/index.php\/software\/","title":{"rendered":"Software"},"content":{"rendered":"<p>[vc_row][vc_column][vc_custom_heading text=&#8221;Detalle del sistema por rubros&#8221; font_container=&#8221;tag:h2|font_size:30px|text_align:center|color:%231e73be&#8221; google_fonts=&#8221;font_family:Open%20Sans%3A300%2C300italic%2Cregular%2Citalic%2C600%2C600italic%2C700%2C700italic%2C800%2C800italic|font_style:600%20bold%20regular%3A600%3Anormal&#8221;][vc_empty_space][\/vc_column][vc_column width=&#8221;1\/2&#8243;]\n<div class=\"we-do\">\n        <ul class=\"we-do-list\">\n            \n        <li><i class=\"icon-direction\"><\/i>Configuraci\u00f3n personalizada de la liquidaci\u00f3n, fuente, logo y firma.<\/li>\n        \n        \n        <li><i class=\"icon-direction\"><\/i>Detalle de gastos, estados de cuenta autom\u00e1ticos, notas y prorrateo.<\/li>\n        \n        \n        <li><i class=\"icon-direction\"><\/i>Cobranza de expensa manual o por lectura de c\u00f3digo de barras.<\/li>\n        \n        \n        <li><i class=\"icon-direction\"><\/i>Detalle de cuenta corriente por unidad.<\/li>\n        \n        \n        <li><i class=\"icon-direction\"><\/i>Administraci\u00f3n de comprobantes por consorcio y por proveedor.<\/li>\n        \n        \n        <li><i class=\"icon-direction\"><\/i>Generaci\u00f3n autom\u00e1tica de intimaciones, certificados de deuda y cartas documento.<\/li>\n        \n        \n        <li><i class=\"icon-direction\"><\/i>Administraci\u00f3n y seguimiento de convenios de pago.<\/li>\n        \n        \n        <li><i class=\"icon-direction\"><\/i>Movimiento de caja y bancos.<\/li>\n        \n        \n        <li><i class=\"icon-direction\"><\/i>Libro de administraci\u00f3n en hojas m\u00f3viles.<\/li>\n        \n        \n        <li><i class=\"icon-direction\"><\/i>Personalizaci\u00f3n de rubros, autotexto, e importaci\u00f3n autom\u00e1tica de sueldos y cargas sociales.<\/li>\n        \n                <\/ul>\n<\/div>\n           \n        [\/vc_column][vc_column width=&#8221;1\/2&#8243;]\n<div class=\"we-do\">\n        <ul class=\"we-do-list\">\n            \n        <li><i class=\"icon-direction\"><\/i>Administraci\u00f3n de proveedores, facturas, pagos, saldo y generaci\u00f3n de \u00f3rdenes de pago.<\/li>\n        \n        \n        <li><i class=\"icon-direction\"><\/i>Seguimiento de reclamos y reparaciones, y generaci\u00f3n de \u00f3rdenes de trabajo.<\/li>\n        \n        \n        <li><i class=\"icon-direction\"><\/i>Administraci\u00f3n de vencimientos: matafuegos, servicios, juicios, p\u00f3lizas de seguro.<\/li>\n        \n        \n        <li><i class=\"icon-direction\"><\/i>Generaci\u00f3n autom\u00e1tica de balances.<\/li>\n        \n        \n        <li><i class=\"icon-direction\"><\/i>Administraci\u00f3n de usuarios (sistema mono y multiusuario), perfiles y configuraci\u00f3n de red.<\/li>\n        \n        \n        <li><i class=\"icon-direction\"><\/i>Exportaci\u00f3n a Excel.<\/li>\n        \n        \n        <li><i class=\"icon-direction\"><\/i>Liquidaci\u00f3n de sueldos, exportaci\u00f3n de archivos para Fateryh y AFIP, generaci\u00f3n de libros de sueldos.<\/li>\n        \n        \n        <li><i class=\"icon-direction\"><\/i>Todo absolutamente configurable para adaptarlo a sus propias necesidades.<\/li>\n        \n        \n        <li><i class=\"icon-direction\"><\/i>Soporte t\u00e9cnico permanente y capacitaci\u00f3n.<\/li>\n        \n                <\/ul>\n<\/div>\n           \n        [\/vc_column][\/vc_row]<\/p>\n","protected":false},"excerpt":{"rendered":"<p>[vc_row][vc_column][vc_custom_heading text=&#8221;Detalle del sistema por rubros&#8221; font_container=&#8221;tag:h2|font_size:30px|text_align:center|color:%231e73be&#8221; google_fonts=&#8221;font_family:Open%20Sans%3A300%2C300italic%2Cregular%2Citalic%2C600%2C600italic%2C700%2C700italic%2C800%2C800italic|font_style:600%20bold%20regular%3A600%3Anormal&#8221;][vc_empty_space][\/vc_column][vc_column width=&#8221;1\/2&#8243;][\/vc_column][vc_column width=&#8221;1\/2&#8243;][\/vc_column][\/vc_row]<\/p>\n","protected":false},"author":1,"featured_media":0,"parent":0,"menu_order":0,"comment_status":"closed","ping_status":"closed","template":"tpl-visual_composer.php","meta":[],"_links":{"self":[{"href":"https:\/\/e-roman.com.ar\/index.php\/wp-json\/wp\/v2\/pages\/945"}],"collection":[{"href":"https:\/\/e-roman.com.ar\/index.php\/wp-json\/wp\/v2\/pages"}],"about":[{"href":"https:\/\/e-roman.com.ar\/index.php\/wp-json\/wp\/v2\/types\/page"}],"author":[{"embeddable":true,"href":"https:\/\/e-roman.com.ar\/index.php\/wp-json\/wp\/v2\/users\/1"}],"replies":[{"embeddable":true,"href":"https:\/\/e-roman.com.ar\/index.php\/wp-json\/wp\/v2\/comments?post=945"}],"version-history":[{"count":13,"href":"https:\/\/e-roman.com.ar\/index.php\/wp-json\/wp\/v2\/pages\/945\/revisions"}],"predecessor-version":[{"id":1105,"href":"https:\/\/e-roman.com.ar\/index.php\/wp-json\/wp\/v2\/pages\/945\/revisions\/1105"}],"wp:attachment":[{"href":"https:\/\/e-roman.com.ar\/index.php\/wp-json\/wp\/v2\/media?parent=945"}],"curies":[{"name":"wp","href":"https:\/\/api.w.org\/{rel}","templated":true}]}}