{"id":939,"date":"2021-03-29T15:41:15","date_gmt":"2021-03-29T15:41:15","guid":{"rendered":"https:\/\/rc.e-roman.com.ar\/?page_id=939"},"modified":"2021-06-27T21:52:38","modified_gmt":"2021-06-27T21:52:38","slug":"informacion","status":"publish","type":"page","link":"https:\/\/e-roman.com.ar\/index.php\/informacion\/","title":{"rendered":"Informaci\u00f3n"},"content":{"rendered":"<p>[vc_row][vc_column width=&#8221;1\/1&#8243;][vc_custom_heading text=&#8221;Calidad&#8221; font_container=&#8221;tag:h2|font_size:25px|text_align:left|color:%231e73be&#8221; google_fonts=&#8221;font_family:Open%20Sans%3A300%2C300italic%2Cregular%2Citalic%2C600%2C600italic%2C700%2C700italic%2C800%2C800italic|font_style:600%20bold%20regular%3A600%3Anormal&#8221;][vc_column_text]<\/p>\n<blockquote><p>\u00bfC\u00f3mo se define la calidad de un producto de software?<br \/>\n&#8220;La satisfacci\u00f3n del cliente&#8221;<br \/>\n(Proyectos Inform\u00e1ticos, Facultad de Ingenier\u00eda, UBA)<\/p>\n<p>&nbsp;<\/p><\/blockquote>\n<p>Todas las empresas dicen que sus sistemas son los mejores, y es obvio que lo digan si quieren vender.<br \/>\nPero entonces, \u00bfc\u00f3mo saber cu\u00e1l es realmente la aplicaci\u00f3n que m\u00e1s me conviene?<br \/>\nEs simple, pregunte a sus pares. Consulte a otros administradores que utilizan Rom\u00e1n.<br \/>\nPor supuesto le dir\u00e1n que es muy \u00e1gil e intuitivo, pero las respuestas m\u00e1s relevantes ser\u00e1n:<br \/>\n<em>&#8220;Este sistema tiene m\u00e1s funciones, y es m\u00e1s f\u00e1cil que el otro.&#8221;<\/em><br \/>\n<em>&#8220;Con esta aplicaci\u00f3n me ahorro una semana de trabajo al mes.&#8221;<\/em><br \/>\n<em>&#8220;Desde que implement\u00e9 Rom\u00e1n, me sobran empleados&#8230;&#8221;<\/em><\/p>\n<p>\u00bfY por qu\u00e9?<br \/>\nNuestro software realiza tareas por s\u00ed solo, que en otros sistemas requieren necesariamente la intervenci\u00f3n humana.<br \/>\nEs t\u00edpico ver administraciones que utilizan Rom\u00e1n, con muchos consorcios y que sin embargo mantienen estructuras relativamente chicas. Es habitual que nuestros clientes crezcan en cantidad de consorcios, sin incorporar nuevos empleados.<\/p>\n<p>Las tecnolog\u00edas cambian permanentemente, y es importante mantenerse al d\u00eda brindando a nuestros clientes siempre lo m\u00e1s moderno.<br \/>\nPero m\u00e1s importante que la modernidad, es mantener como paradigma, cualquiera sea la tecnolog\u00eda utilizada, que nuestra prioridad principal es aliviar y absorber las tareas del administrador a trav\u00e9s de nuestro software, para que s\u00f3lo se dedique a lo importante: administrar.[\/vc_column_text][\/vc_column][\/vc_row][vc_row miscellaneous=&#8221;true&#8221; show_parallax=&#8221;true&#8221; parallax_clr=&#8221;bluish&#8221; parallax_opacity=&#8221;high-opacity&#8221; parallax_animation=&#8221;fixed-bg&#8221; parallax_bg=&#8221;240&#8243;][vc_column width=&#8221;1\/1&#8243;][vc_custom_heading text=&#8221;Por precio y calidad nuestra empresa es l\u00edder en el mercado.&#8221; font_container=&#8221;tag:h2|font_size:40px|text_align:center|color:%23ffffff&#8221; google_fonts=&#8221;font_family:Open%20Sans%3A300%2C300italic%2Cregular%2Citalic%2C600%2C600italic%2C700%2C700italic%2C800%2C800italic|font_style:600%20bold%20regular%3A600%3Anormal&#8221;][\/vc_column][\/vc_row][vc_row miscellaneous=&#8221;true&#8221; gray_section=&#8221;gray&#8221; top_margin=&#8221;60&#8243; bottom_margin=&#8221;80&#8243;][vc_column width=&#8221;1\/1&#8243;][vc_empty_space height=&#8221;20px&#8221;][\/vc_column][\/vc_row]<\/p>\n","protected":false},"excerpt":{"rendered":"<p>[vc_row][vc_column width=&#8221;1\/1&#8243;][vc_custom_heading text=&#8221;Calidad&#8221; font_container=&#8221;tag:h2|font_size:25px|text_align:left|color:%231e73be&#8221; google_fonts=&#8221;font_family:Open%20Sans%3A300%2C300italic%2Cregular%2Citalic%2C600%2C600italic%2C700%2C700italic%2C800%2C800italic|font_style:600%20bold%20regular%3A600%3Anormal&#8221;][vc_column_text] \u00bfC\u00f3mo se define la calidad de un producto de software? &#8220;La satisfacci\u00f3n del cliente&#8221; (Proyectos Inform\u00e1ticos, Facultad de Ingenier\u00eda, UBA) &nbsp; Todas las empresas dicen que sus sistemas son los mejores, y es obvio que lo digan si quieren vender. Pero entonces, \u00bfc\u00f3mo saber cu\u00e1l es realmente la aplicaci\u00f3n que [&hellip;]<\/p>\n","protected":false},"author":1,"featured_media":0,"parent":0,"menu_order":0,"comment_status":"closed","ping_status":"closed","template":"tpl-visual_composer.php","meta":[],"_links":{"self":[{"href":"https:\/\/e-roman.com.ar\/index.php\/wp-json\/wp\/v2\/pages\/939"}],"collection":[{"href":"https:\/\/e-roman.com.ar\/index.php\/wp-json\/wp\/v2\/pages"}],"about":[{"href":"https:\/\/e-roman.com.ar\/index.php\/wp-json\/wp\/v2\/types\/page"}],"author":[{"embeddable":true,"href":"https:\/\/e-roman.com.ar\/index.php\/wp-json\/wp\/v2\/users\/1"}],"replies":[{"embeddable":true,"href":"https:\/\/e-roman.com.ar\/index.php\/wp-json\/wp\/v2\/comments?post=939"}],"version-history":[{"count":36,"href":"https:\/\/e-roman.com.ar\/index.php\/wp-json\/wp\/v2\/pages\/939\/revisions"}],"predecessor-version":[{"id":1162,"href":"https:\/\/e-roman.com.ar\/index.php\/wp-json\/wp\/v2\/pages\/939\/revisions\/1162"}],"wp:attachment":[{"href":"https:\/\/e-roman.com.ar\/index.php\/wp-json\/wp\/v2\/media?parent=939"}],"curies":[{"name":"wp","href":"https:\/\/api.w.org\/{rel}","templated":true}]}}